{"id":2512,"date":"2020-07-01T06:44:48","date_gmt":"2020-07-01T06:44:48","guid":{"rendered":"https:\/\/weingestelle.com\/?page_id=2512"},"modified":"2020-07-13T09:25:40","modified_gmt":"2020-07-13T09:25:40","slug":"referenzen","status":"publish","type":"page","link":"https:\/\/weingestelle.com\/index.php\/referenzen\/","title":{"rendered":"Referenzen"},"content":{"rendered":"<p>[vc_row][vc_column][vc_column_text]<\/p>\n<h1><strong>Referenzen Weingestelle Schneider<\/strong><\/h1>\n<p>[\/vc_column_text]<div class=\"ult-spacer spacer-69e049a6f2ec3\" data-id=\"69e049a6f2ec3\" data-height=\"20\" data-height-mobile=\"20\" data-height-tab=\"20\" data-height-tab-portrait=\"\" data-height-mobile-landscape=\"\" style=\"clear:both;display:block;\"><\/div>[vc_column_text]<\/p>\n<h3 class=\"p4\">Von Genf \u00fcber die Waadt, durchs Mittelland in die Nordwestschweiz, zu den Ufern des Z\u00fcrichsees bis in das B\u00fcnderland.<\/h3>\n<p>Weingestelle Schneider findet man in der ganzen Schweiz.<\/p>\n<p>F\u00fcr Referenzen fragen Sie uns doch bitte an!<\/p>\n<p>Im Weiteren haben wir bei uns in Schnottwil immer ein paar Show-Objekte zum Begutachten.<\/p>\n<p>[\/vc_column_text][\/vc_column][\/vc_row]<\/p>\n","protected":false},"excerpt":{"rendered":"<p>[vc_row][vc_column][vc_column_text] Referenzen Weingestelle Schneider [\/vc_column_text][vc_column_text] Von Genf \u00fcber die Waadt, durchs Mittelland in die Nordwestschweiz, zu den Ufern des Z\u00fcrichsees bis in das B\u00fcnderland. Weingestelle Schneider findet man in der ganzen Schweiz. F\u00fcr Referenzen fragen Sie uns doch bitte an! Im Weiteren haben wir bei uns in Schnottwil immer ein paar Show-Objekte zum Begutachten. [\/vc_column_text][\/vc_column][\/vc_row]<\/p>\n","protected":false},"author":1,"featured_media":0,"parent":0,"menu_order":0,"comment_status":"closed","ping_status":"closed","template":"","meta":{"footnotes":""},"yoast_head":"<!-- This site is optimized with the Yoast SEO plugin v23.5 - https:\/\/yoast.com\/wordpress\/plugins\/seo\/ -->\n<title>Referenzen - Weingestelle Schneider<\/title>\n<meta name=\"robots\" content=\"index, follow, max-snippet:-1, max-image-preview:large, max-video-preview:-1\" \/>\n<link rel=\"canonical\" href=\"https:\/\/weingestelle.com\/index.php\/referenzen\/\" \/>\n<meta property=\"og:locale\" content=\"de_DE\" \/>\n<meta property=\"og:type\" content=\"article\" \/>\n<meta property=\"og:title\" content=\"Referenzen - Weingestelle Schneider\" \/>\n<meta property=\"og:description\" content=\"[vc_row][vc_column][vc_column_text] Referenzen Weingestelle Schneider [\/vc_column_text][vc_column_text] Von Genf \u00fcber die Waadt, durchs Mittelland in die Nordwestschweiz, zu den Ufern des Z\u00fcrichsees bis in das B\u00fcnderland. Weingestelle Schneider findet man in der ganzen Schweiz. F\u00fcr Referenzen fragen Sie uns doch bitte an! Im Weiteren haben wir bei uns in Schnottwil immer ein paar Show-Objekte zum Begutachten. [\/vc_column_text][\/vc_column][\/vc_row]\" \/>\n<meta property=\"og:url\" content=\"https:\/\/weingestelle.com\/index.php\/referenzen\/\" \/>\n<meta property=\"og:site_name\" content=\"Weingestelle Schneider\" \/>\n<meta property=\"article:modified_time\" content=\"2020-07-13T09:25:40+00:00\" \/>\n<meta name=\"twitter:card\" content=\"summary_large_image\" \/>\n<script type=\"application\/ld+json\" class=\"yoast-schema-graph\">{\"@context\":\"https:\/\/schema.org\",\"@graph\":[{\"@type\":\"WebPage\",\"@id\":\"https:\/\/weingestelle.com\/index.php\/referenzen\/\",\"url\":\"https:\/\/weingestelle.com\/index.php\/referenzen\/\",\"name\":\"Referenzen - Weingestelle Schneider\",\"isPartOf\":{\"@id\":\"https:\/\/weingestelle.com\/#website\"},\"datePublished\":\"2020-07-01T06:44:48+00:00\",\"dateModified\":\"2020-07-13T09:25:40+00:00\",\"breadcrumb\":{\"@id\":\"https:\/\/weingestelle.com\/index.php\/referenzen\/#breadcrumb\"},\"inLanguage\":\"de\",\"potentialAction\":[{\"@type\":\"ReadAction\",\"target\":[\"https:\/\/weingestelle.com\/index.php\/referenzen\/\"]}]},{\"@type\":\"BreadcrumbList\",\"@id\":\"https:\/\/weingestelle.com\/index.php\/referenzen\/#breadcrumb\",\"itemListElement\":[{\"@type\":\"ListItem\",\"position\":1,\"name\":\"Home\",\"item\":\"https:\/\/weingestelle.com\/\"},{\"@type\":\"ListItem\",\"position\":2,\"name\":\"Referenzen\"}]},{\"@type\":\"WebSite\",\"@id\":\"https:\/\/weingestelle.com\/#website\",\"url\":\"https:\/\/weingestelle.com\/\",\"name\":\"Weingestelle Schneider\",\"description\":\"Hochwertige Weingestelle f\u00fcr Ihren Wein\",\"publisher\":{\"@id\":\"https:\/\/weingestelle.com\/#organization\"},\"potentialAction\":[{\"@type\":\"SearchAction\",\"target\":{\"@type\":\"EntryPoint\",\"urlTemplate\":\"https:\/\/weingestelle.com\/?s={search_term_string}\"},\"query-input\":{\"@type\":\"PropertyValueSpecification\",\"valueRequired\":true,\"valueName\":\"search_term_string\"}}],\"inLanguage\":\"de\"},{\"@type\":\"Organization\",\"@id\":\"https:\/\/weingestelle.com\/#organization\",\"name\":\"Weingestelle Schneider\",\"url\":\"https:\/\/weingestelle.com\/\",\"logo\":{\"@type\":\"ImageObject\",\"inLanguage\":\"de\",\"@id\":\"https:\/\/weingestelle.com\/#\/schema\/logo\/image\/\",\"url\":\"https:\/\/weingestelle.com\/wp-content\/uploads\/2020\/06\/logo_weingestelle-schneider.png\",\"contentUrl\":\"https:\/\/weingestelle.com\/wp-content\/uploads\/2020\/06\/logo_weingestelle-schneider.png\",\"width\":195,\"height\":140,\"caption\":\"Weingestelle Schneider\"},\"image\":{\"@id\":\"https:\/\/weingestelle.com\/#\/schema\/logo\/image\/\"}}]}<\/script>\n<!-- \/ Yoast SEO plugin. -->","yoast_head_json":{"title":"Referenzen - Weingestelle Schneider","robots":{"index":"index","follow":"follow","max-snippet":"max-snippet:-1","max-image-preview":"max-image-preview:large","max-video-preview":"max-video-preview:-1"},"canonical":"https:\/\/weingestelle.com\/index.php\/referenzen\/","og_locale":"de_DE","og_type":"article","og_title":"Referenzen - Weingestelle Schneider","og_description":"[vc_row][vc_column][vc_column_text] Referenzen Weingestelle Schneider [\/vc_column_text][vc_column_text] Von Genf \u00fcber die Waadt, durchs Mittelland in die Nordwestschweiz, zu den Ufern des Z\u00fcrichsees bis in das B\u00fcnderland. Weingestelle Schneider findet man in der ganzen Schweiz. F\u00fcr Referenzen fragen Sie uns doch bitte an! Im Weiteren haben wir bei uns in Schnottwil immer ein paar Show-Objekte zum Begutachten. [\/vc_column_text][\/vc_column][\/vc_row]","og_url":"https:\/\/weingestelle.com\/index.php\/referenzen\/","og_site_name":"Weingestelle Schneider","article_modified_time":"2020-07-13T09:25:40+00:00","twitter_card":"summary_large_image","schema":{"@context":"https:\/\/schema.org","@graph":[{"@type":"WebPage","@id":"https:\/\/weingestelle.com\/index.php\/referenzen\/","url":"https:\/\/weingestelle.com\/index.php\/referenzen\/","name":"Referenzen - Weingestelle Schneider","isPartOf":{"@id":"https:\/\/weingestelle.com\/#website"},"datePublished":"2020-07-01T06:44:48+00:00","dateModified":"2020-07-13T09:25:40+00:00","breadcrumb":{"@id":"https:\/\/weingestelle.com\/index.php\/referenzen\/#breadcrumb"},"inLanguage":"de","potentialAction":[{"@type":"ReadAction","target":["https:\/\/weingestelle.com\/index.php\/referenzen\/"]}]},{"@type":"BreadcrumbList","@id":"https:\/\/weingestelle.com\/index.php\/referenzen\/#breadcrumb","itemListElement":[{"@type":"ListItem","position":1,"name":"Home","item":"https:\/\/weingestelle.com\/"},{"@type":"ListItem","position":2,"name":"Referenzen"}]},{"@type":"WebSite","@id":"https:\/\/weingestelle.com\/#website","url":"https:\/\/weingestelle.com\/","name":"Weingestelle Schneider","description":"Hochwertige Weingestelle f\u00fcr Ihren Wein","publisher":{"@id":"https:\/\/weingestelle.com\/#organization"},"potentialAction":[{"@type":"SearchAction","target":{"@type":"EntryPoint","urlTemplate":"https:\/\/weingestelle.com\/?s={search_term_string}"},"query-input":{"@type":"PropertyValueSpecification","valueRequired":true,"valueName":"search_term_string"}}],"inLanguage":"de"},{"@type":"Organization","@id":"https:\/\/weingestelle.com\/#organization","name":"Weingestelle Schneider","url":"https:\/\/weingestelle.com\/","logo":{"@type":"ImageObject","inLanguage":"de","@id":"https:\/\/weingestelle.com\/#\/schema\/logo\/image\/","url":"https:\/\/weingestelle.com\/wp-content\/uploads\/2020\/06\/logo_weingestelle-schneider.png","contentUrl":"https:\/\/weingestelle.com\/wp-content\/uploads\/2020\/06\/logo_weingestelle-schneider.png","width":195,"height":140,"caption":"Weingestelle Schneider"},"image":{"@id":"https:\/\/weingestelle.com\/#\/schema\/logo\/image\/"}}]}},"_links":{"self":[{"href":"https:\/\/weingestelle.com\/index.php\/wp-json\/wp\/v2\/pages\/2512"}],"collection":[{"href":"https:\/\/weingestelle.com\/index.php\/wp-json\/wp\/v2\/pages"}],"about":[{"href":"https:\/\/weingestelle.com\/index.php\/wp-json\/wp\/v2\/types\/page"}],"author":[{"embeddable":true,"href":"https:\/\/weingestelle.com\/index.php\/wp-json\/wp\/v2\/users\/1"}],"replies":[{"embeddable":true,"href":"https:\/\/weingestelle.com\/index.php\/wp-json\/wp\/v2\/comments?post=2512"}],"version-history":[{"count":8,"href":"https:\/\/weingestelle.com\/index.php\/wp-json\/wp\/v2\/pages\/2512\/revisions"}],"predecessor-version":[{"id":2580,"href":"https:\/\/weingestelle.com\/index.php\/wp-json\/wp\/v2\/pages\/2512\/revisions\/2580"}],"wp:attachment":[{"href":"https:\/\/weingestelle.com\/index.php\/wp-json\/wp\/v2\/media?parent=2512"}],"curies":[{"name":"wp","href":"https:\/\/api.w.org\/{rel}","templated":true}]}}