{"id":2422,"date":"2020-06-28T09:24:04","date_gmt":"2020-06-28T09:24:04","guid":{"rendered":"http:\/\/weingestelle.com\/?page_id=2422"},"modified":"2022-07-08T06:48:03","modified_gmt":"2022-07-08T06:48:03","slug":"bestellformular_chromstahlgestelle","status":"publish","type":"page","link":"https:\/\/weingestelle.com\/index.php\/bestellformular_chromstahlgestelle\/","title":{"rendered":"Bestellformular Chromstahlgestelle"},"content":{"rendered":"<p>[vc_row][vc_column][vc_column_text]Sie k\u00f6nnen enweder direkt online Ihre Bestellung aufgeben oder das Bestellformualr (PDF) herunterladen, ausf\u00fcllen und mir zukommen lassen.<\/p>\n<p>Gerne berate ich Sie bei Ihrer Bestellung.<\/p>\n<h3>Sondermasse<\/h3>\n<p>Auf Wunsch fertige ich f\u00fcr Sie auch Sondermasse an.[\/vc_column_text][\/vc_column][\/vc_row][vc_row][vc_column][vc_btn title=&#8220;Bestellformular PDF zum Ausdrucken&#8220; link=&#8220;url:https%3A%2F%2Fweingestelle.com%2Fwp-content%2Fuploads%2F2022%2F07%2Fbestellung_chromstahlgestell-2022-07-08.pdf||target:%20_blank|&#8220;][\/vc_column][\/vc_row][vc_row][vc_column][vc_single_image image=&#8220;2534&#8243; img_size=&#8220;600&#215;425&#8243; alignment=&#8220;center&#8220; css_animation=&#8220;fadeIn&#8220;][\/vc_column][\/vc_row][vc_row][vc_column][vc_text_separator title=&#8220;Bestellformular Chromstahlgestelle Online&#8220;][\/vc_column][\/vc_row][vc_row][vc_column width=&#8220;1\/6&#8243;][\/vc_column][vc_column width=&#8220;2\/3&#8243;][vc_column_text]\n<div class=\"wpcf7 no-js\" id=\"wpcf7-f2430-o1\" lang=\"de-DE\" dir=\"ltr\">\n<div class=\"screen-reader-response\"><p role=\"status\" aria-live=\"polite\" aria-atomic=\"true\"><\/p> <ul><\/ul><\/div>\n<form action=\"\/index.php\/wp-json\/wp\/v2\/pages\/2422#wpcf7-f2430-o1\" method=\"post\" class=\"wpcf7-form init\" aria-label=\"Kontaktformular\" novalidate=\"novalidate\" data-status=\"init\">\n<div style=\"display: none;\">\n<input type=\"hidden\" name=\"_wpcf7\" value=\"2430\" \/>\n<input type=\"hidden\" name=\"_wpcf7_version\" value=\"5.9.8\" \/>\n<input type=\"hidden\" name=\"_wpcf7_locale\" value=\"de_DE_formal\" \/>\n<input type=\"hidden\" name=\"_wpcf7_unit_tag\" value=\"wpcf7-f2430-o1\" \/>\n<input type=\"hidden\" name=\"_wpcf7_container_post\" value=\"0\" \/>\n<input type=\"hidden\" name=\"_wpcf7_posted_data_hash\" value=\"\" \/>\n<input type=\"hidden\" name=\"_wpcf7_recaptcha_response\" value=\"\" \/>\n<\/div>\n<p><label>Ihr Vorname (Pflichtfeld)<br \/>\n<span class=\"wpcf7-form-control-wrap\" data-name=\"vorname-486\"><input size=\"40\" maxlength=\"400\" class=\"wpcf7-form-control wpcf7-text wpcf7-validates-as-required\" aria-required=\"true\" aria-invalid=\"false\" value=\"\" type=\"text\" name=\"vorname-486\" \/><\/span><\/label>\n<\/p>\n<p><label>Ihr Nachname (Pflichtfeld)<br \/>\n<span class=\"wpcf7-form-control-wrap\" data-name=\"Nachname-113\"><input size=\"40\" maxlength=\"400\" class=\"wpcf7-form-control wpcf7-text wpcf7-validates-as-required\" aria-required=\"true\" aria-invalid=\"false\" value=\"\" type=\"text\" name=\"Nachname-113\" \/><\/span> <\/label>\n<\/p>\n<p><label>Strasse (Pflichtfeld)<br \/>\n<span class=\"wpcf7-form-control-wrap\" data-name=\"Strasse-654\"><input size=\"40\" maxlength=\"400\" class=\"wpcf7-form-control wpcf7-text wpcf7-validates-as-required\" aria-required=\"true\" aria-invalid=\"false\" value=\"\" type=\"text\" name=\"Strasse-654\" \/><\/span><\/label>\n<\/p>\n<p><label>PLZ\/Wohnort (Pflichtfeld)<br \/>\n<span class=\"wpcf7-form-control-wrap\" data-name=\"plz-wohnort-623\"><input size=\"40\" maxlength=\"400\" class=\"wpcf7-form-control wpcf7-text wpcf7-validates-as-required\" aria-required=\"true\" aria-invalid=\"false\" value=\"\" type=\"text\" name=\"plz-wohnort-623\" \/><\/span><\/label>\n<\/p>\n<p><label>Telefon (Pflichtfeld)<br \/>\n<span class=\"wpcf7-form-control-wrap\" data-name=\"tel-673\"><input size=\"40\" maxlength=\"400\" class=\"wpcf7-form-control wpcf7-tel wpcf7-validates-as-required wpcf7-text wpcf7-validates-as-tel\" aria-required=\"true\" aria-invalid=\"false\" value=\"\" type=\"tel\" name=\"tel-673\" \/><\/span> <\/label>\n<\/p>\n<p><label>E-Mail (Pflichtfeld)<br \/>\n<span class=\"wpcf7-form-control-wrap\" data-name=\"email-684\"><input size=\"40\" maxlength=\"400\" class=\"wpcf7-form-control wpcf7-email wpcf7-validates-as-required wpcf7-text wpcf7-validates-as-email\" aria-required=\"true\" aria-invalid=\"false\" value=\"\" type=\"email\" name=\"email-684\" \/><\/span><\/label>\n<\/p>\n<h3>Ich bestelle nachfolgende Artikel\n<\/h3>\n<p><label>Pos. 01 - Grundgestell 198 K mit 8 Kistenausz\u00fcgen - Masse (H\u00f6he\/Tiefe\/Breite in cm) 198x43.5x55St\u00fcckpreis CHF 810.--<br \/>\nMenge: <span class=\"wpcf7-form-control-wrap\" data-name=\"position-01-010\"><input class=\"wpcf7-form-control wpcf7-number wpcf7-validates-as-number\" aria-invalid=\"false\" value=\"\" type=\"number\" name=\"position-01-010\" \/><\/span><\/label><br \/>\n<br \/>\n<label>Pos. 02 - Grundgestell 198 F mit 16 Einzelflaschenausz\u00fcgen - Masse (H\u00f6he\/Tiefe\/Breite in cm) 198x43.5x55St\u00fcckpreis CHF 1'119.--<br \/>\nMenge: <span class=\"wpcf7-form-control-wrap\" data-name=\"position-02-020\"><input class=\"wpcf7-form-control wpcf7-number wpcf7-validates-as-number\" aria-invalid=\"false\" value=\"\" type=\"number\" name=\"position-02-020\" \/><\/span><\/label><br \/>\n<br \/>\n<label>Pos. 03 - Anbaugestell 198 K mit 8 Kistenausz\u00fcgen - Masse (H\u00f6he\/Tiefe\/Breite in cm) 198x39.5x55St\u00fcckpreisCHF 720.--<br \/>\nMenge: <span class=\"wpcf7-form-control-wrap\" data-name=\"position-03-030\"><input class=\"wpcf7-form-control wpcf7-number wpcf7-validates-as-number\" aria-invalid=\"false\" value=\"\" type=\"number\" name=\"position-03-030\" \/><\/span><\/label><br \/>\n<br \/>\n<label>Pos. 04 - Anbaugestell 198 F mit 16 Einzelflaschenausz\u00fcgen - Masse (H\u00f6he\/Tiefe\/Breite in cm) 198x39.5x55St\u00fcckpreis CHF 899.--<br \/>\nMenge: <span class=\"wpcf7-form-control-wrap\" data-name=\"position-04-040\"><input class=\"wpcf7-form-control wpcf7-number wpcf7-validates-as-number\" aria-invalid=\"false\" value=\"\" type=\"number\" name=\"position-04-040\" \/><\/span><\/label><br \/>\n<br \/>\n<label>Pos. 05 - Grundgestell 130 K mit 5 Kistenausz\u00fcgen - Masse (H\u00f6he\/Tiefe\/Breite in cm) 130x43.5x55St\u00fcckpreis CHF 555.--<br \/>\nMenge: <span class=\"wpcf7-form-control-wrap\" data-name=\"position-05-050\"><input class=\"wpcf7-form-control wpcf7-number wpcf7-validates-as-number\" aria-invalid=\"false\" value=\"\" type=\"number\" name=\"position-05-050\" \/><\/span><\/label><br \/>\n<br \/>\n<label>Pos. 06 - Grundgestell 130 F mit 10 Einzelflaschenausz\u00fcgen - Masse (H\u00f6he\/Tiefe\/Breite in cm) 130x43.5x55St\u00fcckpreis CHF 750.--<br \/>\nMenge: <span class=\"wpcf7-form-control-wrap\" data-name=\"position-06-060\"><input class=\"wpcf7-form-control wpcf7-number wpcf7-validates-as-number\" aria-invalid=\"false\" value=\"\" type=\"number\" name=\"position-06-060\" \/><\/span><\/label><br \/>\n<br \/>\n<label>Pos. 07 - Anbaugestell 130 K mit 5 Kistenausz\u00fcgen - Masse (H\u00f6he\/Tiefe\/Breite in cm) 130x39.5x55St\u00fcckpreis CHF 425.--<br \/>\nMenge: <span class=\"wpcf7-form-control-wrap\" data-name=\"position-07-070\"><input class=\"wpcf7-form-control wpcf7-number wpcf7-validates-as-number\" aria-invalid=\"false\" value=\"\" type=\"number\" name=\"position-07-070\" \/><\/span><\/label><br \/>\n<br \/>\n<label>Pos. 08 - Anbaugestell 130 F mit 10 Einzelflaschenausz\u00fcgen - Masse (H\u00f6he\/Tiefe\/Breite in cm) 130x39.5x55St\u00fcckpreis CHF 615.--<br \/>\nMenge: <span class=\"wpcf7-form-control-wrap\" data-name=\"position-08-080\"><input class=\"wpcf7-form-control wpcf7-number wpcf7-validates-as-number\" aria-invalid=\"false\" value=\"\" type=\"number\" name=\"position-08-080\" \/><\/span><\/label><br \/>\n<\/p>\n<h4>Verbindung zwischen h\u00f6heren und tieferen Gestellen:\n<\/h4>\n<p><label>Pos. 09 - Zwischengestell 130 K mit 5 Kistenausz\u00fcgen - Masse (H\u00f6he\/Tiefe\/Breite in cm) 130x35.5x55St\u00fcckpreis CHF 305.--<br \/>\nMenge: <span class=\"wpcf7-form-control-wrap\" data-name=\"position-09-090\"><input class=\"wpcf7-form-control wpcf7-number wpcf7-validates-as-number\" aria-invalid=\"false\" value=\"\" type=\"number\" name=\"position-09-090\" \/><\/span><\/label><br \/>\n<br \/>\n<label>Pos. 10 - Zwischengestell 130 F mit 10 Einzelflaschenausz\u00fcgen - Masse (H\u00f6he\/Tiefe\/Breite in cm) 130x35.5x55St\u00fcckpreis CHF 499.--<br \/>\nMenge: <span class=\"wpcf7-form-control-wrap\" data-name=\"position-10-100\"><input class=\"wpcf7-form-control wpcf7-number wpcf7-validates-as-number\" aria-invalid=\"false\" value=\"\" type=\"number\" name=\"position-10-100\" \/><\/span><\/label>\n<\/p>\n<h4>Konditionen\n<\/h4>\n<p>Die Preise sind MwSt befreit, die Lieferfrist betr\u00e4gt 4-8 Wochen, Zahlung: 10 Tage netto oder nach Vereinbarung, Transport: bis 25 km inkl., ansonsten Pauschale, innerhalb Schweiz oder ab CHF 3'000.-- franko\n<\/p>\n<p><label>Mit dem Absenden dieses Formulars bestelle ich konstenpflichtig die durch mich ausgew\u00e4hlten Positionen. Zu den Bestellkonditionen gelten nach wie vor die AGB, welche auf meiner Webseite publiziert sind. Irrt\u00fcmer und Preis\u00e4nderungen vorbehalten.<br \/>\n<span class=\"wpcf7-form-control-wrap\" data-name=\"checkbox-763\"><span class=\"wpcf7-form-control wpcf7-checkbox wpcf7-validates-as-required\"><span class=\"wpcf7-list-item first last\"><input type=\"checkbox\" name=\"checkbox-763[]\" value=\"ich bin mit den Konditionen einverstanden\" \/><span class=\"wpcf7-list-item-label\">ich bin mit den Konditionen einverstanden<\/span><\/span><\/span><\/span><br \/>\n<span id=\"wpcf7-69f30189030b8-wrapper\" class=\"wpcf7-form-control-wrap website-548-wrap\" style=\"display:none !important; visibility:hidden !important;\"><label for=\"wpcf7-69f30189030b8-field\" class=\"hp-message\">Bitte lassen Sie dieses Feld leer.<\/label><input id=\"wpcf7-69f30189030b8-field\"  class=\"wpcf7-form-control wpcf7-text\" type=\"text\" name=\"website-548\" value=\"\" size=\"40\" tabindex=\"-1\" autocomplete=\"new-password\" \/><\/span><br \/>\n\t<span class=\"wpcf7-form-control-wrap recaptcha\" data-name=\"recaptcha\"><span data-sitekey=\"6LfZ_qgpAAAAAF-AAjtR1BILgmssK9P1G2qkb5Mt\" class=\"wpcf7-form-control wpcf7-recaptcha g-recaptcha\"><\/span>\r\n<noscript>\r\n\t<div class=\"grecaptcha-noscript\">\r\n\t\t<iframe src=\"https:\/\/www.google.com\/recaptcha\/api\/fallback?k=6LfZ_qgpAAAAAF-AAjtR1BILgmssK9P1G2qkb5Mt\" frameborder=\"0\" scrolling=\"no\" width=\"310\" height=\"430\">\r\n\t\t<\/iframe>\r\n\t\t<textarea name=\"g-recaptcha-response\" rows=\"3\" cols=\"40\" placeholder=\"reCaptcha Response Here\">\r\n\t\t<\/textarea>\r\n\t<\/div>\r\n<\/noscript>\r\n<\/span><br \/>\n<input class=\"wpcf7-form-control wpcf7-submit has-spinner\" type=\"submit\" value=\"Senden\" \/><\/label>\n<\/p><div class=\"wpcf7-response-output\" aria-hidden=\"true\"><\/div>\n<\/form>\n<\/div>\n[\/vc_column_text][\/vc_column][vc_column width=&#8220;1\/6&#8243;][\/vc_column][\/vc_row]<\/p>\n","protected":false},"excerpt":{"rendered":"<p>[vc_row][vc_column][vc_column_text]Sie k\u00f6nnen enweder direkt online Ihre Bestellung aufgeben oder das Bestellformualr (PDF) herunterladen, ausf\u00fcllen und mir zukommen lassen. Gerne berate ich Sie bei Ihrer Bestellung. Sondermasse Auf Wunsch fertige ich f\u00fcr Sie auch Sondermasse an.[\/vc_column_text][\/vc_column][\/vc_row][vc_row][vc_column][vc_btn title=&#8220;Bestellformular PDF zum Ausdrucken&#8220; link=&#8220;url:https%3A%2F%2Fweingestelle.com%2Fwp-content%2Fuploads%2F2022%2F07%2Fbestellung_chromstahlgestell-2022-07-08.pdf||target:%20_blank|&#8220;][\/vc_column][\/vc_row][vc_row][vc_column][vc_single_image image=&#8220;2534&#8243; img_size=&#8220;600&#215;425&#8243; alignment=&#8220;center&#8220; css_animation=&#8220;fadeIn&#8220;][\/vc_column][\/vc_row][vc_row][vc_column][vc_text_separator title=&#8220;Bestellformular Chromstahlgestelle Online&#8220;][\/vc_column][\/vc_row][vc_row][vc_column width=&#8220;1\/6&#8243;][\/vc_column][vc_column width=&#8220;2\/3&#8243;][vc_column_text][\/vc_column_text][\/vc_column][vc_column width=&#8220;1\/6&#8243;][\/vc_column][\/vc_row]<\/p>\n","protected":false},"author":1,"featured_media":0,"parent":0,"menu_order":0,"comment_status":"closed","ping_status":"closed","template":"","meta":{"footnotes":""},"yoast_head":"<!-- This site is optimized with the Yoast SEO plugin v23.5 - https:\/\/yoast.com\/wordpress\/plugins\/seo\/ -->\n<title>Bestellformular Chromstahlgestelle - Weingestelle Schneider<\/title>\n<meta name=\"robots\" content=\"index, follow, max-snippet:-1, max-image-preview:large, max-video-preview:-1\" \/>\n<link rel=\"canonical\" href=\"https:\/\/weingestelle.com\/index.php\/bestellformular_chromstahlgestelle\/\" \/>\n<meta property=\"og:locale\" content=\"de_DE\" \/>\n<meta property=\"og:type\" content=\"article\" \/>\n<meta property=\"og:title\" content=\"Bestellformular Chromstahlgestelle - Weingestelle Schneider\" \/>\n<meta property=\"og:description\" content=\"[vc_row][vc_column][vc_column_text]Sie k\u00f6nnen enweder direkt online Ihre Bestellung aufgeben oder das Bestellformualr (PDF) herunterladen, ausf\u00fcllen und mir zukommen lassen. Gerne berate ich Sie bei Ihrer Bestellung. Sondermasse Auf Wunsch fertige ich f\u00fcr Sie auch Sondermasse an.[\/vc_column_text][\/vc_column][\/vc_row][vc_row][vc_column][vc_btn title=&#8220;Bestellformular PDF zum Ausdrucken&#8220; link=&#8220;url:https%3A%2F%2Fweingestelle.com%2Fwp-content%2Fuploads%2F2022%2F07%2Fbestellung_chromstahlgestell-2022-07-08.pdf||target:%20_blank|&#8220;][\/vc_column][\/vc_row][vc_row][vc_column][vc_single_image image=&#8220;2534&#8243; img_size=&#8220;600&#215;425&#8243; alignment=&#8220;center&#8220; css_animation=&#8220;fadeIn&#8220;][\/vc_column][\/vc_row][vc_row][vc_column][vc_text_separator title=&#8220;Bestellformular Chromstahlgestelle Online&#8220;][\/vc_column][\/vc_row][vc_row][vc_column width=&#8220;1\/6&#8243;][\/vc_column][vc_column width=&#8220;2\/3&#8243;][vc_column_text][\/vc_column_text][\/vc_column][vc_column width=&#8220;1\/6&#8243;][\/vc_column][\/vc_row]\" \/>\n<meta property=\"og:url\" content=\"https:\/\/weingestelle.com\/index.php\/bestellformular_chromstahlgestelle\/\" \/>\n<meta property=\"og:site_name\" content=\"Weingestelle Schneider\" \/>\n<meta property=\"article:modified_time\" content=\"2022-07-08T06:48:03+00:00\" \/>\n<meta name=\"twitter:card\" content=\"summary_large_image\" \/>\n<meta name=\"twitter:label1\" content=\"Gesch\u00e4tzte Lesezeit\" \/>\n\t<meta name=\"twitter:data1\" content=\"1\u00a0Minute\" \/>\n<script type=\"application\/ld+json\" class=\"yoast-schema-graph\">{\"@context\":\"https:\/\/schema.org\",\"@graph\":[{\"@type\":\"WebPage\",\"@id\":\"https:\/\/weingestelle.com\/index.php\/bestellformular_chromstahlgestelle\/\",\"url\":\"https:\/\/weingestelle.com\/index.php\/bestellformular_chromstahlgestelle\/\",\"name\":\"Bestellformular Chromstahlgestelle - Weingestelle Schneider\",\"isPartOf\":{\"@id\":\"https:\/\/weingestelle.com\/#website\"},\"datePublished\":\"2020-06-28T09:24:04+00:00\",\"dateModified\":\"2022-07-08T06:48:03+00:00\",\"breadcrumb\":{\"@id\":\"https:\/\/weingestelle.com\/index.php\/bestellformular_chromstahlgestelle\/#breadcrumb\"},\"inLanguage\":\"de\",\"potentialAction\":[{\"@type\":\"ReadAction\",\"target\":[\"https:\/\/weingestelle.com\/index.php\/bestellformular_chromstahlgestelle\/\"]}]},{\"@type\":\"BreadcrumbList\",\"@id\":\"https:\/\/weingestelle.com\/index.php\/bestellformular_chromstahlgestelle\/#breadcrumb\",\"itemListElement\":[{\"@type\":\"ListItem\",\"position\":1,\"name\":\"Home\",\"item\":\"https:\/\/weingestelle.com\/\"},{\"@type\":\"ListItem\",\"position\":2,\"name\":\"Bestellformular Chromstahlgestelle\"}]},{\"@type\":\"WebSite\",\"@id\":\"https:\/\/weingestelle.com\/#website\",\"url\":\"https:\/\/weingestelle.com\/\",\"name\":\"Weingestelle Schneider\",\"description\":\"Hochwertige Weingestelle f\u00fcr Ihren Wein\",\"publisher\":{\"@id\":\"https:\/\/weingestelle.com\/#organization\"},\"potentialAction\":[{\"@type\":\"SearchAction\",\"target\":{\"@type\":\"EntryPoint\",\"urlTemplate\":\"https:\/\/weingestelle.com\/?s={search_term_string}\"},\"query-input\":{\"@type\":\"PropertyValueSpecification\",\"valueRequired\":true,\"valueName\":\"search_term_string\"}}],\"inLanguage\":\"de\"},{\"@type\":\"Organization\",\"@id\":\"https:\/\/weingestelle.com\/#organization\",\"name\":\"Weingestelle Schneider\",\"url\":\"https:\/\/weingestelle.com\/\",\"logo\":{\"@type\":\"ImageObject\",\"inLanguage\":\"de\",\"@id\":\"https:\/\/weingestelle.com\/#\/schema\/logo\/image\/\",\"url\":\"https:\/\/weingestelle.com\/wp-content\/uploads\/2020\/06\/logo_weingestelle-schneider.png\",\"contentUrl\":\"https:\/\/weingestelle.com\/wp-content\/uploads\/2020\/06\/logo_weingestelle-schneider.png\",\"width\":195,\"height\":140,\"caption\":\"Weingestelle Schneider\"},\"image\":{\"@id\":\"https:\/\/weingestelle.com\/#\/schema\/logo\/image\/\"}}]}<\/script>\n<!-- \/ Yoast SEO plugin. -->","yoast_head_json":{"title":"Bestellformular Chromstahlgestelle - Weingestelle Schneider","robots":{"index":"index","follow":"follow","max-snippet":"max-snippet:-1","max-image-preview":"max-image-preview:large","max-video-preview":"max-video-preview:-1"},"canonical":"https:\/\/weingestelle.com\/index.php\/bestellformular_chromstahlgestelle\/","og_locale":"de_DE","og_type":"article","og_title":"Bestellformular Chromstahlgestelle - Weingestelle Schneider","og_description":"[vc_row][vc_column][vc_column_text]Sie k\u00f6nnen enweder direkt online Ihre Bestellung aufgeben oder das Bestellformualr (PDF) herunterladen, ausf\u00fcllen und mir zukommen lassen. Gerne berate ich Sie bei Ihrer Bestellung. Sondermasse Auf Wunsch fertige ich f\u00fcr Sie auch Sondermasse an.[\/vc_column_text][\/vc_column][\/vc_row][vc_row][vc_column][vc_btn title=&#8220;Bestellformular PDF zum Ausdrucken&#8220; link=&#8220;url:https%3A%2F%2Fweingestelle.com%2Fwp-content%2Fuploads%2F2022%2F07%2Fbestellung_chromstahlgestell-2022-07-08.pdf||target:%20_blank|&#8220;][\/vc_column][\/vc_row][vc_row][vc_column][vc_single_image image=&#8220;2534&#8243; img_size=&#8220;600&#215;425&#8243; alignment=&#8220;center&#8220; css_animation=&#8220;fadeIn&#8220;][\/vc_column][\/vc_row][vc_row][vc_column][vc_text_separator title=&#8220;Bestellformular Chromstahlgestelle Online&#8220;][\/vc_column][\/vc_row][vc_row][vc_column width=&#8220;1\/6&#8243;][\/vc_column][vc_column width=&#8220;2\/3&#8243;][vc_column_text][\/vc_column_text][\/vc_column][vc_column width=&#8220;1\/6&#8243;][\/vc_column][\/vc_row]","og_url":"https:\/\/weingestelle.com\/index.php\/bestellformular_chromstahlgestelle\/","og_site_name":"Weingestelle Schneider","article_modified_time":"2022-07-08T06:48:03+00:00","twitter_card":"summary_large_image","twitter_misc":{"Gesch\u00e4tzte Lesezeit":"1\u00a0Minute"},"schema":{"@context":"https:\/\/schema.org","@graph":[{"@type":"WebPage","@id":"https:\/\/weingestelle.com\/index.php\/bestellformular_chromstahlgestelle\/","url":"https:\/\/weingestelle.com\/index.php\/bestellformular_chromstahlgestelle\/","name":"Bestellformular Chromstahlgestelle - Weingestelle Schneider","isPartOf":{"@id":"https:\/\/weingestelle.com\/#website"},"datePublished":"2020-06-28T09:24:04+00:00","dateModified":"2022-07-08T06:48:03+00:00","breadcrumb":{"@id":"https:\/\/weingestelle.com\/index.php\/bestellformular_chromstahlgestelle\/#breadcrumb"},"inLanguage":"de","potentialAction":[{"@type":"ReadAction","target":["https:\/\/weingestelle.com\/index.php\/bestellformular_chromstahlgestelle\/"]}]},{"@type":"BreadcrumbList","@id":"https:\/\/weingestelle.com\/index.php\/bestellformular_chromstahlgestelle\/#breadcrumb","itemListElement":[{"@type":"ListItem","position":1,"name":"Home","item":"https:\/\/weingestelle.com\/"},{"@type":"ListItem","position":2,"name":"Bestellformular Chromstahlgestelle"}]},{"@type":"WebSite","@id":"https:\/\/weingestelle.com\/#website","url":"https:\/\/weingestelle.com\/","name":"Weingestelle Schneider","description":"Hochwertige Weingestelle f\u00fcr Ihren Wein","publisher":{"@id":"https:\/\/weingestelle.com\/#organization"},"potentialAction":[{"@type":"SearchAction","target":{"@type":"EntryPoint","urlTemplate":"https:\/\/weingestelle.com\/?s={search_term_string}"},"query-input":{"@type":"PropertyValueSpecification","valueRequired":true,"valueName":"search_term_string"}}],"inLanguage":"de"},{"@type":"Organization","@id":"https:\/\/weingestelle.com\/#organization","name":"Weingestelle Schneider","url":"https:\/\/weingestelle.com\/","logo":{"@type":"ImageObject","inLanguage":"de","@id":"https:\/\/weingestelle.com\/#\/schema\/logo\/image\/","url":"https:\/\/weingestelle.com\/wp-content\/uploads\/2020\/06\/logo_weingestelle-schneider.png","contentUrl":"https:\/\/weingestelle.com\/wp-content\/uploads\/2020\/06\/logo_weingestelle-schneider.png","width":195,"height":140,"caption":"Weingestelle Schneider"},"image":{"@id":"https:\/\/weingestelle.com\/#\/schema\/logo\/image\/"}}]}},"_links":{"self":[{"href":"https:\/\/weingestelle.com\/index.php\/wp-json\/wp\/v2\/pages\/2422"}],"collection":[{"href":"https:\/\/weingestelle.com\/index.php\/wp-json\/wp\/v2\/pages"}],"about":[{"href":"https:\/\/weingestelle.com\/index.php\/wp-json\/wp\/v2\/types\/page"}],"author":[{"embeddable":true,"href":"https:\/\/weingestelle.com\/index.php\/wp-json\/wp\/v2\/users\/1"}],"replies":[{"embeddable":true,"href":"https:\/\/weingestelle.com\/index.php\/wp-json\/wp\/v2\/comments?post=2422"}],"version-history":[{"count":12,"href":"https:\/\/weingestelle.com\/index.php\/wp-json\/wp\/v2\/pages\/2422\/revisions"}],"predecessor-version":[{"id":2617,"href":"https:\/\/weingestelle.com\/index.php\/wp-json\/wp\/v2\/pages\/2422\/revisions\/2617"}],"wp:attachment":[{"href":"https:\/\/weingestelle.com\/index.php\/wp-json\/wp\/v2\/media?parent=2422"}],"curies":[{"name":"wp","href":"https:\/\/api.w.org\/{rel}","templated":true}]}}