{"id":2415,"date":"2020-06-22T13:43:50","date_gmt":"2020-06-22T13:43:50","guid":{"rendered":"http:\/\/weingestelle.com\/?page_id=2415"},"modified":"2020-06-22T13:45:20","modified_gmt":"2020-06-22T13:45:20","slug":"agb","status":"publish","type":"page","link":"https:\/\/weingestelle.com\/index.php\/agb\/","title":{"rendered":"AGB"},"content":{"rendered":"<p>[vc_row][vc_column][vc_column_text]<\/p>\n<h1><strong>Allgemeine Gesch\u00e4ftsbedingungen Weingestelle Schneider<br \/>\n<\/strong><\/h1>\n<p><strong>Geltungsbereich<\/strong><\/p>\n<p>Die vorliegenden allgemeinen Gesch\u00e4ftsbedingungen (AGB) gelten f\u00fcr Vertr\u00e4ge zwischen Weingestelle Schneider und Privat-, resp. Gesch\u00e4ftskunden, die Online (www.weingestelle.com) sowie auf andere Arten abgeschlossen werden.<\/p>\n<p>Weingestelle Schneider beh\u00e4lt sich das Recht vor, die AGB\u2019s zu \u00e4ndern. Massgebend ist jeweils die zum Zeitpunkt der Bestellung geltende Version der AGB, welche f\u00fcr diese Bestellung nicht einseitig ge\u00e4ndert werden kann.<\/p>\n<p><strong>Angebot<\/strong><\/p>\n<p>Das Angebot richtet sich an nat\u00fcrliche Kundschaft mit Wohnsitz resp. juristische Kundschaft mit Sitz in der Schweiz oder Liechtenstein. Bestellungen von Kunden aus dem EU-Raum werden individuell geregelt.<\/p>\n<p>Preis- und Sortiments\u00e4nderungen sind jederzeit m\u00f6glich. Die in Werbung, Prospekten, Online usw. gezeigten Abbildungen dienen der Illustration und sind unverbindlich.<\/p>\n<p><strong>Preis<\/strong><\/p>\n<p>Die Preise verstehen sich in Schweizer Franken, inkl. Mehrwertsteuer (MwSt.), respektive Weingestelle Schneider ist MwSt. befreit.<\/p>\n<p>Massgebend ist der Preis zum Zeitpunkt der Bestellung\/Offerte.<\/p>\n<p>Bestellte kostenpflichtige Zusatzleistungen wie z.B. die Heimlieferung werden auf der Offerte und auf der Rechnung separat aufgef\u00fchrt.<\/p>\n<p><strong>Bestellung und Vertragsabschluss<\/strong><\/p>\n<p>Die Darstellung der Produkte auf unserer Website (www.weingestelle.com) ist kein rechtlich verbindlicher Antrag, sondern eine unverbindliche Aufforderung an die Kundschaft, das Produkt online zu bestellen.<\/p>\n<p>Eine Bestellung gilt als Angebot an Weingestelle Schneider zum Abschluss eines Vertrages.<\/p>\n<p>Nach \u00dcbermittlung der Bestellung erh\u00e4lt die Kundschaft eine Eingangsbest\u00e4tigung, die dokumentiert, dass die Bestellung bei Weingestelle Schneider eingegangen ist. Die Kundschaft kann die Bestellung nur solange erg\u00e4nzen oder annullieren, bis diese von Weingestelle Schneider bearbeitet wird. Wird eine Bestellung erg\u00e4nzt, so gilt die urspr\u00fcngliche Bestellung als Berechnungsbasis, hingegen werden m\u00f6gliche Sonderangebote und Verg\u00fcnstigungen zum Zeitpunkt der Erg\u00e4nzung nicht ber\u00fccksichtigt.<\/p>\n<p>Weingestelle Schneider ist ohne Nennung von Gr\u00fcnden frei, Bestellungen ganz oder teilweise abzulehnen. In diesem Fall wird die Kundschaft informiert und allf\u00e4llig bereits geleistete Zahlungen werden zur\u00fcckerstattet. Weitere Anspr\u00fcche sind ausgeschlossen.<\/p>\n<p>Ein Vertrag kommt erst durch die Bearbeitung der Bestellung durch Weingestelle Schneider zustande. Sobald die Bestellung zum Versand oder zur Lieferung bereitgestellt wurde, erh\u00e4lt die Kundschaft eine Auftragsbest\u00e4tigung per E-Mail oder per Telefon.<\/p>\n<p><strong>Lieferung<\/strong><\/p>\n<p><strong>Liefergebiet<\/strong><\/p>\n<p>Die Lieferadresse der Kundschaft muss in der Schweiz oder dem F\u00fcrstentum Liechtenstein liegen. Lieferungen gem\u00e4ss diesen AGBs erfolgen nur an Adressen in der Schweiz oder in Liechtenstein. Lieferungen in die EU m\u00fcssen individuell geregelt werden.<\/p>\n<p><strong>Lieferfristen<\/strong><\/p>\n<p>Bestellungen werden in der Regel innerhalb von drei Wochen bearbeitet. Ist eine l\u00e4ngere Lieferfrist notwendig, wird der Kunde sp\u00e4testens nach Ablauf dieser Zeit informiert.<\/p>\n<p>Spezialteile oder Sonderanfertigungen offerieren wir auf Anfrage. F\u00fcr diese Produkte werden spezifische Lieferfristen festgelegt.<\/p>\n<p>Die angegebenen Lieferfristen sind unverbindlich. Die Nichteinhaltung von Lieferfristen ist kein Grund f\u00fcr eine Annullierung der Bestellung, eine Entsch\u00e4digung oder jeglichen anderen Abzug vom Preis. In allen F\u00e4llen haftet Weingestelle Schneider nicht f\u00fcr Lieferverz\u00f6gerungen, die durch h\u00f6here Gewalt entstehen oder von Drittherstellern bzw. unseren Logistikpartnern zu vertreten sind.<\/p>\n<p><strong>Lieferbedingungen<\/strong><\/p>\n<p>Weingestelle Schneider kann f\u00fcr Lieferungen und Teillieferungen unterschiedliche Transportunternehmen beauftragen. Geliefert wird an die Bordsteinkante, nicht auf das Stockwerk oder in die Wohnung des Kunden. Ausserdem muss die Lieferadresse per LKW erreichbar sein. Grunds\u00e4tzlich erfolgt die Lieferung mit anschliessender Montage jedoch in der Regel durch Weingestelle Schneider. Dies jeweils gem\u00e4ss R\u00fccksprache mit der Kundschaft.<\/p>\n<p><strong>Lieferkosten<\/strong><\/p>\n<p>Die Lieferkosten werden bereits bei der Bestellung ausgewiesen und sind Bestandteil des Vertrags.<\/p>\n<p><strong>Abholung<\/strong><\/p>\n<p>Die bestellten Waren k\u00f6nnen auch am Sitz von Weingestelle Schneider abgeholt werden. In diesem Fall gehen Nutzen und Gefahr mit dem Abgang der Ware ab Werk von Weingestelle Schneider an den Kunden \u00fcber. Der Zeitpunkt der Abholung wird im Voraus vereinbart.<\/p>\n<p><strong>Gew\u00e4hrleistung<\/strong><\/p>\n<p>Weingestelle Schneider garantiert f\u00fcr die Formstabilit\u00e4t der Waren innerhalb der zul\u00e4ssigen Belastbarkeit der verwendeten Materialien f\u00fcr die Lagerung vornehmlich von Weinflaschen-\/Kisten. Die Waren sind mit einer Qualit\u00e4tsgarantie auf Material und Verarbeitung f\u00fcr die Zeit von 36 Monaten ab Auslieferungsdatum versehen. Als Beleg f\u00fcr die Geltendmachung gilt die Rechnung. Die Gew\u00e4hrleistung bezieht sich nur auf den Ersatz des Warenwertes, nicht aber auf Nebenkosten (Montagekosten vor Ort \/ Lieferkosten etc.).<\/p>\n<p>Die Garantiepflicht erstreckt sich nicht auf Sch\u00e4den, welche durch unsachgem\u00e4sse Handhabung, Lagerung oder Verwendung der Waren entstanden sind. Werden insbesondere allf\u00e4llige Betriebs- oder Wartungsanweisungen f\u00fcr die gelieferten Waren vom Kunden nicht befolgt, \u00c4nderungen vorgenommen, Teile ausgewechselt oder Verbrauchsmaterialien verwendet, die nicht den Originalspezifikationen entsprechen, \u00fcbernimmt Weingestelle Schneider ausdr\u00fccklich keine Gew\u00e4hrleistung f\u00fcr M\u00e4ngel, die darauf zur\u00fcckzuf\u00fchren sind.<\/p>\n<p>Weingestelle Schneider kann die Gew\u00e4hrleistung wahlweise durch teilweisen oder vollst\u00e4ndigen Ersatz durch ein gleichwertiges Produkt, Gutschrift bis maximal des Verkaufspreises im Zeitpunkt der Bestellung erbringen.<\/p>\n<p>Ein generelles R\u00fcckgaberecht von m\u00e4ngelfreien und korrekt gelieferten Produkten besteht nicht.<\/p>\n<p><strong>Zahlungsbedingungen<\/strong><\/p>\n<p>Die Bezahlung s\u00e4mtlicher Bestellungen wird ausschliesslich in Schweizer Franken entgegengenommen. Falls nichts anderes vereinbart ist, erfolgt die Bezahlung bei Lieferung.<\/p>\n<p>Im Falle von Teillieferungen werden nur die Kosten f\u00fcr die versandten Waren sowie die Versandkosten belastet.<\/p>\n<p>Die Rechnungen sind sp\u00e4testens 10 Tage nach dem Rechnungsdatum ohne jegliche Abz\u00fcge zu zahlen. Unberechtigte Abz\u00fcge werden nachbelastet. Im Falle der Nichteinhaltung dieser Zahlungsfrist beh\u00e4lt sich Weingestelle Schneider das Recht vor, einen Verzugszins in der H\u00f6he von 7.0% sowie Bearbeitungsgeb\u00fchren (z.B. f\u00fcr Mahnungen) zu verlangen.<\/p>\n<p><strong>Warenkontrollen<\/strong><\/p>\n<p>Sofern keine kundenspezifischen Kontrollen vereinbart sind, erfolgt eine Gebindekontrolle (Art, Zustand und Menge) beim Warenausgang oder bei der Lieferung.<\/p>\n<p><strong>Beanstandungen, Umtausch und R\u00fcckgabe<\/strong><\/p>\n<p>Die Ware ist sofort nach Erhalt durch den Kunden zu pr\u00fcfen. Offensichtliche M\u00e4ngel oder Abweichungen von der Bestellung sind uns innerhalb von 5 Arbeitstagen nach der Lieferung schriftlich zu melden. Andernfalls gilt die Lieferung als akzeptiert. Bei Lieferungen und Montage vor Ort sind M\u00e4ngel oder Abweichungen sofort zu beanstanden.<\/p>\n<p>Macht der Kunde von seinem R\u00fcckgaberecht Gebrauch, ist er verpflichtet innerhalb von 10 Arbeitstagen nach Erhalt der Ware diese in der Originalverpackung, fabrikneu, unbesch\u00e4digt und mit Warenversandschein zu retournieren. Die Versandkosten gehen zu Lasten des Kunden. Vom R\u00fcckgabe- und Umtauschrecht ausgeschlossen sind alle kundenspezifischen Waren (z.B. Beschriftungen, Spezialanfertigungen usw.).<\/p>\n<p><strong>Daten und Datenschutz<\/strong><\/p>\n<p>Weingestelle Schneider verpflichtet sich, die Regeln des Datenschutzes zu befolgen. Ihre pers\u00f6nlichen Daten werden vertraulich behandelt und nicht an Dritte weitergegeben. Wir behalten uns das Recht vor, Ihre Angaben (Rechnungsadresse \/ Provider-IP\/E-Mail Adresse) auf ihre Richtigkeit zu \u00fcberpr\u00fcfen und gegebenenfalls eine Auslieferung der Waren zu verweigern.<\/p>\n<p><strong>Teilnichtigkeit<\/strong><\/p>\n<p>Sollten eine oder mehrere Regelungen dieser AGB ung\u00fcltig, gesetzeswidrig oder sonst wie unwirksam sein, so zieht dies nicht die Unwirksamkeit des gesamten Vertrages nach sich. Die unwirksame Regelung wird durch die einschl\u00e4gige gesetzliche Regelung ersetzt.<\/p>\n<p><strong>Gerichtsstand und anwendbares Recht<\/strong><\/p>\n<p>Gerichtsstand ist Sitz von Weingestelle Schneider, unter Vorbehalt abweichender zwingender Gerichtsst\u00e4nde des Bundesrechts. Weingestelle Schneider hat das Recht, den Kunden auch an seinem Wohnort\/Sitz zu belangen. Zur Anwendung kommt ausschliesslich das materielle Schweizerische Recht, namentlich die Bestimmungen des Obligationenrechts \u00fcber den Kaufvertrag (Art. 184 ff. OR).<\/p>\n<p>Schnottwil, 1. Mai 2020<\/p>\n<p>\u00a9 2020, Weingestelle Schneider, Biezwilstr. 20, 3253 Schnottwil, Tel. +41 32 353 7762 od. 078 708 3264, E-Mail: <a href=\"mailto:info@weingestelle.com\">info@weingestelle.com<\/a> \/ <a href=\"http:\/\/www.\">www.<\/a><u>weingestelle.com<\/u>[\/vc_column_text][\/vc_column][\/vc_row]<\/p>\n","protected":false},"excerpt":{"rendered":"<p>[vc_row][vc_column][vc_column_text] Allgemeine Gesch\u00e4ftsbedingungen Weingestelle Schneider Geltungsbereich Die vorliegenden allgemeinen Gesch\u00e4ftsbedingungen (AGB) gelten f\u00fcr Vertr\u00e4ge zwischen Weingestelle Schneider und Privat-, resp. Gesch\u00e4ftskunden, die Online (www.weingestelle.com) sowie auf andere Arten abgeschlossen werden. Weingestelle Schneider beh\u00e4lt sich das Recht vor, die AGB\u2019s zu \u00e4ndern. Massgebend ist jeweils die zum Zeitpunkt der Bestellung geltende Version der AGB, welche f\u00fcr&hellip;<\/p>\n","protected":false},"author":1,"featured_media":0,"parent":0,"menu_order":0,"comment_status":"closed","ping_status":"closed","template":"","meta":{"footnotes":""},"yoast_head":"<!-- This site is optimized with the Yoast SEO plugin v23.5 - https:\/\/yoast.com\/wordpress\/plugins\/seo\/ -->\n<title>AGB - Weingestelle Schneider<\/title>\n<meta name=\"robots\" content=\"index, follow, max-snippet:-1, max-image-preview:large, max-video-preview:-1\" \/>\n<link rel=\"canonical\" href=\"https:\/\/weingestelle.com\/index.php\/agb\/\" \/>\n<meta property=\"og:locale\" content=\"de_DE\" \/>\n<meta property=\"og:type\" content=\"article\" \/>\n<meta property=\"og:title\" content=\"AGB - Weingestelle Schneider\" \/>\n<meta property=\"og:description\" content=\"[vc_row][vc_column][vc_column_text] Allgemeine Gesch\u00e4ftsbedingungen Weingestelle Schneider Geltungsbereich Die vorliegenden allgemeinen Gesch\u00e4ftsbedingungen (AGB) gelten f\u00fcr Vertr\u00e4ge zwischen Weingestelle Schneider und Privat-, resp. Gesch\u00e4ftskunden, die Online (www.weingestelle.com) sowie auf andere Arten abgeschlossen werden. Weingestelle Schneider beh\u00e4lt sich das Recht vor, die AGB\u2019s zu \u00e4ndern. Massgebend ist jeweils die zum Zeitpunkt der Bestellung geltende Version der AGB, welche f\u00fcr&hellip;\" \/>\n<meta property=\"og:url\" content=\"https:\/\/weingestelle.com\/index.php\/agb\/\" \/>\n<meta property=\"og:site_name\" content=\"Weingestelle Schneider\" \/>\n<meta property=\"article:modified_time\" content=\"2020-06-22T13:45:20+00:00\" \/>\n<meta name=\"twitter:card\" content=\"summary_large_image\" \/>\n<meta name=\"twitter:label1\" content=\"Gesch\u00e4tzte Lesezeit\" \/>\n\t<meta name=\"twitter:data1\" content=\"6\u00a0Minuten\" \/>\n<script type=\"application\/ld+json\" class=\"yoast-schema-graph\">{\"@context\":\"https:\/\/schema.org\",\"@graph\":[{\"@type\":\"WebPage\",\"@id\":\"https:\/\/weingestelle.com\/index.php\/agb\/\",\"url\":\"https:\/\/weingestelle.com\/index.php\/agb\/\",\"name\":\"AGB - Weingestelle Schneider\",\"isPartOf\":{\"@id\":\"https:\/\/weingestelle.com\/#website\"},\"datePublished\":\"2020-06-22T13:43:50+00:00\",\"dateModified\":\"2020-06-22T13:45:20+00:00\",\"breadcrumb\":{\"@id\":\"https:\/\/weingestelle.com\/index.php\/agb\/#breadcrumb\"},\"inLanguage\":\"de\",\"potentialAction\":[{\"@type\":\"ReadAction\",\"target\":[\"https:\/\/weingestelle.com\/index.php\/agb\/\"]}]},{\"@type\":\"BreadcrumbList\",\"@id\":\"https:\/\/weingestelle.com\/index.php\/agb\/#breadcrumb\",\"itemListElement\":[{\"@type\":\"ListItem\",\"position\":1,\"name\":\"Home\",\"item\":\"https:\/\/weingestelle.com\/\"},{\"@type\":\"ListItem\",\"position\":2,\"name\":\"AGB\"}]},{\"@type\":\"WebSite\",\"@id\":\"https:\/\/weingestelle.com\/#website\",\"url\":\"https:\/\/weingestelle.com\/\",\"name\":\"Weingestelle Schneider\",\"description\":\"Hochwertige Weingestelle f\u00fcr Ihren Wein\",\"publisher\":{\"@id\":\"https:\/\/weingestelle.com\/#organization\"},\"potentialAction\":[{\"@type\":\"SearchAction\",\"target\":{\"@type\":\"EntryPoint\",\"urlTemplate\":\"https:\/\/weingestelle.com\/?s={search_term_string}\"},\"query-input\":{\"@type\":\"PropertyValueSpecification\",\"valueRequired\":true,\"valueName\":\"search_term_string\"}}],\"inLanguage\":\"de\"},{\"@type\":\"Organization\",\"@id\":\"https:\/\/weingestelle.com\/#organization\",\"name\":\"Weingestelle Schneider\",\"url\":\"https:\/\/weingestelle.com\/\",\"logo\":{\"@type\":\"ImageObject\",\"inLanguage\":\"de\",\"@id\":\"https:\/\/weingestelle.com\/#\/schema\/logo\/image\/\",\"url\":\"https:\/\/weingestelle.com\/wp-content\/uploads\/2020\/06\/logo_weingestelle-schneider.png\",\"contentUrl\":\"https:\/\/weingestelle.com\/wp-content\/uploads\/2020\/06\/logo_weingestelle-schneider.png\",\"width\":195,\"height\":140,\"caption\":\"Weingestelle Schneider\"},\"image\":{\"@id\":\"https:\/\/weingestelle.com\/#\/schema\/logo\/image\/\"}}]}<\/script>\n<!-- \/ Yoast SEO plugin. -->","yoast_head_json":{"title":"AGB - Weingestelle Schneider","robots":{"index":"index","follow":"follow","max-snippet":"max-snippet:-1","max-image-preview":"max-image-preview:large","max-video-preview":"max-video-preview:-1"},"canonical":"https:\/\/weingestelle.com\/index.php\/agb\/","og_locale":"de_DE","og_type":"article","og_title":"AGB - Weingestelle Schneider","og_description":"[vc_row][vc_column][vc_column_text] Allgemeine Gesch\u00e4ftsbedingungen Weingestelle Schneider Geltungsbereich Die vorliegenden allgemeinen Gesch\u00e4ftsbedingungen (AGB) gelten f\u00fcr Vertr\u00e4ge zwischen Weingestelle Schneider und Privat-, resp. Gesch\u00e4ftskunden, die Online (www.weingestelle.com) sowie auf andere Arten abgeschlossen werden. Weingestelle Schneider beh\u00e4lt sich das Recht vor, die AGB\u2019s zu \u00e4ndern. Massgebend ist jeweils die zum Zeitpunkt der Bestellung geltende Version der AGB, welche f\u00fcr&hellip;","og_url":"https:\/\/weingestelle.com\/index.php\/agb\/","og_site_name":"Weingestelle Schneider","article_modified_time":"2020-06-22T13:45:20+00:00","twitter_card":"summary_large_image","twitter_misc":{"Gesch\u00e4tzte Lesezeit":"6\u00a0Minuten"},"schema":{"@context":"https:\/\/schema.org","@graph":[{"@type":"WebPage","@id":"https:\/\/weingestelle.com\/index.php\/agb\/","url":"https:\/\/weingestelle.com\/index.php\/agb\/","name":"AGB - Weingestelle Schneider","isPartOf":{"@id":"https:\/\/weingestelle.com\/#website"},"datePublished":"2020-06-22T13:43:50+00:00","dateModified":"2020-06-22T13:45:20+00:00","breadcrumb":{"@id":"https:\/\/weingestelle.com\/index.php\/agb\/#breadcrumb"},"inLanguage":"de","potentialAction":[{"@type":"ReadAction","target":["https:\/\/weingestelle.com\/index.php\/agb\/"]}]},{"@type":"BreadcrumbList","@id":"https:\/\/weingestelle.com\/index.php\/agb\/#breadcrumb","itemListElement":[{"@type":"ListItem","position":1,"name":"Home","item":"https:\/\/weingestelle.com\/"},{"@type":"ListItem","position":2,"name":"AGB"}]},{"@type":"WebSite","@id":"https:\/\/weingestelle.com\/#website","url":"https:\/\/weingestelle.com\/","name":"Weingestelle Schneider","description":"Hochwertige Weingestelle f\u00fcr Ihren Wein","publisher":{"@id":"https:\/\/weingestelle.com\/#organization"},"potentialAction":[{"@type":"SearchAction","target":{"@type":"EntryPoint","urlTemplate":"https:\/\/weingestelle.com\/?s={search_term_string}"},"query-input":{"@type":"PropertyValueSpecification","valueRequired":true,"valueName":"search_term_string"}}],"inLanguage":"de"},{"@type":"Organization","@id":"https:\/\/weingestelle.com\/#organization","name":"Weingestelle Schneider","url":"https:\/\/weingestelle.com\/","logo":{"@type":"ImageObject","inLanguage":"de","@id":"https:\/\/weingestelle.com\/#\/schema\/logo\/image\/","url":"https:\/\/weingestelle.com\/wp-content\/uploads\/2020\/06\/logo_weingestelle-schneider.png","contentUrl":"https:\/\/weingestelle.com\/wp-content\/uploads\/2020\/06\/logo_weingestelle-schneider.png","width":195,"height":140,"caption":"Weingestelle Schneider"},"image":{"@id":"https:\/\/weingestelle.com\/#\/schema\/logo\/image\/"}}]}},"_links":{"self":[{"href":"https:\/\/weingestelle.com\/index.php\/wp-json\/wp\/v2\/pages\/2415"}],"collection":[{"href":"https:\/\/weingestelle.com\/index.php\/wp-json\/wp\/v2\/pages"}],"about":[{"href":"https:\/\/weingestelle.com\/index.php\/wp-json\/wp\/v2\/types\/page"}],"author":[{"embeddable":true,"href":"https:\/\/weingestelle.com\/index.php\/wp-json\/wp\/v2\/users\/1"}],"replies":[{"embeddable":true,"href":"https:\/\/weingestelle.com\/index.php\/wp-json\/wp\/v2\/comments?post=2415"}],"version-history":[{"count":3,"href":"https:\/\/weingestelle.com\/index.php\/wp-json\/wp\/v2\/pages\/2415\/revisions"}],"predecessor-version":[{"id":2419,"href":"https:\/\/weingestelle.com\/index.php\/wp-json\/wp\/v2\/pages\/2415\/revisions\/2419"}],"wp:attachment":[{"href":"https:\/\/weingestelle.com\/index.php\/wp-json\/wp\/v2\/media?parent=2415"}],"curies":[{"name":"wp","href":"https:\/\/api.w.org\/{rel}","templated":true}]}}