{"id":2400,"date":"2020-06-22T13:38:18","date_gmt":"2020-06-22T13:38:18","guid":{"rendered":"http:\/\/weingestelle.com\/?page_id=2400"},"modified":"2020-07-09T05:20:51","modified_gmt":"2020-07-09T05:20:51","slug":"fassbar","status":"publish","type":"page","link":"https:\/\/weingestelle.com\/index.php\/fassbar\/","title":{"rendered":"Fassbar"},"content":{"rendered":"<p>[vc_row][vc_column][vc_text_separator title=&#8220;Fassbar auf Schwerlast-Rollen&#8220;][\/vc_column][\/vc_row][vc_row][vc_column width=&#8220;1\/2&#8243;][vc_single_image image=&#8220;2406&#8243; img_size=&#8220;full&#8220;][\/vc_column][vc_column width=&#8220;1\/2&#8243;][vc_single_image image=&#8220;2404&#8243; img_size=&#8220;full&#8220;][\/vc_column][\/vc_row][vc_row][vc_column][vc_column_text]<\/p>\n<h1><strong>Fassbar<br \/>\n<\/strong><\/h1>\n<p>Wir legen bei diesem Produkt Wert auf gr\u00f6sstm\u00f6gliche\u00a0 Authentizit\u00e4t. Dies bedeutet, dass ein Fass dieser Art zuvor jahrelang in den \u201eWarehouses\u201c der unterschiedlichen Destillen gelegen hat und bewegt wurde. Kerben im Holz oder unter Umst\u00e4nden ein unebener Boden sind keine Qualit\u00e4tsm\u00e4ngel sondern vielmehr durch die Eigenart der Bauweise und die Vorbenutzung der F\u00e4sser bestimmt.<\/p>\n<p>Vor der Herstellung der Fassbar lassen wir die F\u00e4sser trocknen und verleimen die Dauben einzeln. Dieser aufwendige Prozess gew\u00e4hrleistet die Stabilit\u00e4t des Regals und verhindert, dass das Holz sich aufgrund Temperaturschwankungen verzieht. Bitte beachten Sie trotzdem, dass allzu trockene und warme Heizungsluft dem Fass nicht guttut.[\/vc_column_text][\/vc_column][\/vc_row][vc_row][vc_column width=&#8220;1\/3&#8243;][vc_column_text]<\/p>\n<h2>Basisvariante<\/h2>\n<p>Die Bar ist aus einem gebrauchten 225 l Eichenfass hergestellt.<\/p>\n<p>Das Fass ist verleimt, abgeschliffen, lackiert und auf der Vorderseite ge\u00f6ffnet und mit zwei installierten Fassb\u00f6den als Regal erarbeitet. (ein Regal an der unteren Schnittkante, das andere mittig)<\/p>\n<p>Die Fassringe sind nach Wunsch schwarz oder silber.[\/vc_column_text][\/vc_column][vc_column width=&#8220;1\/3&#8243;][vc_column_text]<\/p>\n<h2>Mit Rollen<\/h2>\n<p>Damit sie die Fassbar leicht bewegen k\u00f6nnen, bieten wir eine zus\u00e4tzlich zur Basisvariante eine Variante mit montierten Rollen an.[\/vc_column_text][vc_btn title=&#8220;Bestellformular Fassbar&#8220; link=&#8220;url:https%3A%2F%2Fweingestelle.com%2Fwp-content%2Fuploads%2F2020%2F07%2FFassbarBwana.pdf|title:Bestellformular%20Fassbar|target:%20_blank|&#8220;][\/vc_column][vc_column width=&#8220;1\/3&#8243;][vc_column_text]<\/p>\n<h2>Mit Tischaufsatz und Rollen<\/h2>\n<p>Diese Fassbar haben wir zus\u00e4tzlich mit einer Eichenholztischplatte mit stabiler Unterholzkonstruktion fabriziert. (Durchmesser ca. 1 m)<\/p>\n<p>Die Platte\u00a0 ist verleimt, geschliffen und lackiert. Die Bar hat damit eine Totalh\u00f6he von ca. 115 cm.[\/vc_column_text][\/vc_column][\/vc_row][vc_row][vc_column width=&#8220;1\/2&#8243;][vc_single_image image=&#8220;2545&#8243; img_size=&#8220;full&#8220;][vc_column_text]<\/p>\n<h1>Konditionen<\/h1>\n<p><strong>Preise:<\/strong> MwSt befreit<\/p>\n<p><strong>Lieferfristen:<\/strong> nach Vereinbarung (ab Lager oder in ca. 6 Wochen)<\/p>\n<p><strong>Zahlung:<\/strong> innert 10 Tagen netto<\/p>\n<p><strong>Transport:<\/strong> bis 25 km inkl. ansonsten Transportpauschale oder ab CHF 3&#8217;000.&#8211; franko[\/vc_column_text][\/vc_column][vc_column width=&#8220;1\/2&#8243;][vc_column_text]\n<table id=\"tablepress-1\" class=\"tablepress tablepress-id-1\">\n<thead>\n<tr class=\"row-1\">\n\t<th class=\"column-1\">Fassh\u00f6he<\/th><th class=\"column-2\">90 cm ohne Rollen und Tischaufsatz<\/th>\n<\/tr>\n<\/thead>\n<tbody class=\"row-striping row-hover\">\n<tr class=\"row-2\">\n\t<td class=\"column-1\">Druchmesser Bauch<\/td><td class=\"column-2\">70 cm<\/td>\n<\/tr>\n<tr class=\"row-3\">\n\t<td class=\"column-1\">Durchmesser Kopf<\/td><td class=\"column-2\">50 cm<\/td>\n<\/tr>\n<tr class=\"row-4\">\n\t<td class=\"column-1\">Eichenholzplatte<\/td><td class=\"column-2\">99 cm<\/td>\n<\/tr>\n<tr class=\"row-5\">\n\t<td class=\"column-1\">Barh\u00f6he insgesamt<\/td><td class=\"column-2\">115 cm<\/td>\n<\/tr>\n<tr class=\"row-6\">\n\t<td class=\"column-1\">Preis, ohne Rollen\/Tischplatte<\/td><td class=\"column-2\">CHF 850.--<\/td>\n<\/tr>\n<tr class=\"row-7\">\n\t<td class=\"column-1\">Preis, mit Rollen, ohne Tischplatte<\/td><td class=\"column-2\">CHF 895.--<\/td>\n<\/tr>\n<tr class=\"row-8\">\n\t<td class=\"column-1\">Preis, mit Rollen\/Tischplatte<\/td><td class=\"column-2\">CHF 1'150.--<\/td>\n<\/tr>\n<\/tbody>\n<\/table>\n<!-- #tablepress-1 from cache -->[\/vc_column_text][vc_text_separator title=&#8220;Bestellung Fassbar&#8220;][vc_column_text]\n<div class=\"wpcf7 no-js\" id=\"wpcf7-f2447-o1\" lang=\"de-DE\" dir=\"ltr\">\n<div class=\"screen-reader-response\"><p role=\"status\" aria-live=\"polite\" aria-atomic=\"true\"><\/p> <ul><\/ul><\/div>\n<form action=\"\/index.php\/wp-json\/wp\/v2\/pages\/2400#wpcf7-f2447-o1\" method=\"post\" class=\"wpcf7-form init\" aria-label=\"Kontaktformular\" novalidate=\"novalidate\" data-status=\"init\">\n<div style=\"display: none;\">\n<input type=\"hidden\" name=\"_wpcf7\" value=\"2447\" \/>\n<input type=\"hidden\" name=\"_wpcf7_version\" value=\"5.9.8\" \/>\n<input type=\"hidden\" name=\"_wpcf7_locale\" value=\"de_DE_formal\" \/>\n<input type=\"hidden\" name=\"_wpcf7_unit_tag\" value=\"wpcf7-f2447-o1\" \/>\n<input type=\"hidden\" name=\"_wpcf7_container_post\" value=\"0\" \/>\n<input type=\"hidden\" name=\"_wpcf7_posted_data_hash\" value=\"\" \/>\n<input type=\"hidden\" name=\"_wpcf7_recaptcha_response\" value=\"\" \/>\n<\/div>\n<p><label>Ihr Vorname (Pflichtfeld)<br \/>\n<span class=\"wpcf7-form-control-wrap\" data-name=\"vorname-587\"><input size=\"40\" maxlength=\"400\" class=\"wpcf7-form-control wpcf7-text wpcf7-validates-as-required\" aria-required=\"true\" aria-invalid=\"false\" value=\"\" type=\"text\" name=\"vorname-587\" \/><\/span><\/label>\n<\/p>\n<p><label>Ihr Nachname (Pflichtfeld)<br \/>\n<span class=\"wpcf7-form-control-wrap\" data-name=\"Nachname-214\"><input size=\"40\" maxlength=\"400\" class=\"wpcf7-form-control wpcf7-text wpcf7-validates-as-required\" aria-required=\"true\" aria-invalid=\"false\" value=\"\" type=\"text\" name=\"Nachname-214\" \/><\/span> <\/label>\n<\/p>\n<p><label>Strasse (Pflichtfeld)<br \/>\n<span class=\"wpcf7-form-control-wrap\" data-name=\"Strasse-755\"><input size=\"40\" maxlength=\"400\" class=\"wpcf7-form-control wpcf7-text wpcf7-validates-as-required\" aria-required=\"true\" aria-invalid=\"false\" value=\"\" type=\"text\" name=\"Strasse-755\" \/><\/span><\/label>\n<\/p>\n<p><label>PLZ\/Wohnort (Pflichtfeld)<br \/>\n<span class=\"wpcf7-form-control-wrap\" data-name=\"plz-wohnort-724\"><input size=\"40\" maxlength=\"400\" class=\"wpcf7-form-control wpcf7-text wpcf7-validates-as-required\" aria-required=\"true\" aria-invalid=\"false\" value=\"\" type=\"text\" name=\"plz-wohnort-724\" \/><\/span><\/label>\n<\/p>\n<p><label>Telefon (Pflichtfeld)<br \/>\n<span class=\"wpcf7-form-control-wrap\" data-name=\"tel-774\"><input size=\"40\" maxlength=\"400\" class=\"wpcf7-form-control wpcf7-tel wpcf7-validates-as-required wpcf7-text wpcf7-validates-as-tel\" aria-required=\"true\" aria-invalid=\"false\" value=\"\" type=\"tel\" name=\"tel-774\" \/><\/span> <\/label>\n<\/p>\n<p><label>E-Mail (Pflichtfeld)<br \/>\n<span class=\"wpcf7-form-control-wrap\" data-name=\"email-785\"><input size=\"40\" maxlength=\"400\" class=\"wpcf7-form-control wpcf7-email wpcf7-validates-as-required wpcf7-text wpcf7-validates-as-email\" aria-required=\"true\" aria-invalid=\"false\" value=\"\" type=\"email\" name=\"email-785\" \/><\/span><\/label>\n<\/p>\n<h3>Ich bestelle nachfolgende Artikel\n<\/h3>\n<p><label>Fassbar, Basisvariante ohne Rollen und Tischaufsatz, \u00e0 CHF 850.--Anzahl<br \/>\n<span class=\"wpcf7-form-control-wrap\" data-name=\"stueck-783\"><input class=\"wpcf7-form-control wpcf7-number wpcf7-validates-as-number\" aria-invalid=\"false\" value=\"\" type=\"number\" name=\"stueck-783\" \/><\/span><\/label><br \/>\n<label>Fassbar, Basisvariante mit Rollen, \u00e0 CHF 895.--Anzahl<br \/>\n<span class=\"wpcf7-form-control-wrap\" data-name=\"stueck-784\"><input class=\"wpcf7-form-control wpcf7-number wpcf7-validates-as-number\" aria-invalid=\"false\" value=\"\" type=\"number\" name=\"stueck-784\" \/><\/span><\/label><br \/>\n<label>Fassbar, mit Eichenholztischplatte und Rollen, \u00e0 CHF 1'150.--Anzahl<br \/>\n<span class=\"wpcf7-form-control-wrap\" data-name=\"stueck-785\"><input class=\"wpcf7-form-control wpcf7-number wpcf7-validates-as-number\" aria-invalid=\"false\" value=\"\" type=\"number\" name=\"stueck-785\" \/><\/span><\/label>\n<\/p>\n<p><label>Mit dem Absenden dieses Formulars bestelle ich konstenpflichtig die durch mich ausgew\u00e4hlten Positionen. Zu den Bestellkonditionen gelten nach wie vor die AGB, welche auf meiner Webseite publiziert sind. Irrt\u00fcmer und Preis\u00e4nderungen vorbehalten.<br \/>\n<span class=\"wpcf7-form-control-wrap\" data-name=\"checkbox-964\"><span class=\"wpcf7-form-control wpcf7-checkbox wpcf7-validates-as-required\"><span class=\"wpcf7-list-item first last\"><input type=\"checkbox\" name=\"checkbox-964[]\" value=\"ich bin mit den Konditionen einverstanden\" \/><span class=\"wpcf7-list-item-label\">ich bin mit den Konditionen einverstanden<\/span><\/span><\/span><\/span><br \/>\n<span id=\"wpcf7-69e04972c35c0-wrapper\" class=\"wpcf7-form-control-wrap website-547-wrap\" style=\"display:none !important; visibility:hidden !important;\"><label for=\"wpcf7-69e04972c35c0-field\" class=\"hp-message\">Bitte lassen Sie dieses Feld leer.<\/label><input id=\"wpcf7-69e04972c35c0-field\"  class=\"wpcf7-form-control wpcf7-text\" type=\"text\" name=\"website-547\" value=\"\" size=\"40\" tabindex=\"-1\" autocomplete=\"new-password\" \/><\/span><br \/>\n\t<span class=\"wpcf7-form-control-wrap recaptcha\" data-name=\"recaptcha\"><span data-sitekey=\"6LfZ_qgpAAAAAF-AAjtR1BILgmssK9P1G2qkb5Mt\" class=\"wpcf7-form-control wpcf7-recaptcha g-recaptcha\"><\/span>\r\n<noscript>\r\n\t<div class=\"grecaptcha-noscript\">\r\n\t\t<iframe src=\"https:\/\/www.google.com\/recaptcha\/api\/fallback?k=6LfZ_qgpAAAAAF-AAjtR1BILgmssK9P1G2qkb5Mt\" frameborder=\"0\" scrolling=\"no\" width=\"310\" height=\"430\">\r\n\t\t<\/iframe>\r\n\t\t<textarea name=\"g-recaptcha-response\" rows=\"3\" cols=\"40\" placeholder=\"reCaptcha Response Here\">\r\n\t\t<\/textarea>\r\n\t<\/div>\r\n<\/noscript>\r\n<\/span><br \/>\n<input class=\"wpcf7-form-control wpcf7-submit has-spinner\" type=\"submit\" value=\"Senden\" \/><\/label>\n<\/p><div class=\"wpcf7-response-output\" aria-hidden=\"true\"><\/div>\n<\/form>\n<\/div>\n[\/vc_column_text][\/vc_column][\/vc_row]<\/p>\n","protected":false},"excerpt":{"rendered":"<p>[vc_row][vc_column][vc_text_separator title=&#8220;Fassbar auf Schwerlast-Rollen&#8220;][\/vc_column][\/vc_row][vc_row][vc_column width=&#8220;1\/2&#8243;][vc_single_image image=&#8220;2406&#8243; img_size=&#8220;full&#8220;][\/vc_column][vc_column width=&#8220;1\/2&#8243;][vc_single_image image=&#8220;2404&#8243; img_size=&#8220;full&#8220;][\/vc_column][\/vc_row][vc_row][vc_column][vc_column_text] Fassbar Wir legen bei diesem Produkt Wert auf gr\u00f6sstm\u00f6gliche\u00a0 Authentizit\u00e4t. Dies bedeutet, dass ein Fass dieser Art zuvor jahrelang in den \u201eWarehouses\u201c der unterschiedlichen Destillen gelegen hat und bewegt wurde. Kerben im Holz oder unter Umst\u00e4nden ein unebener Boden sind keine Qualit\u00e4tsm\u00e4ngel sondern vielmehr durch&hellip;<\/p>\n","protected":false},"author":1,"featured_media":0,"parent":0,"menu_order":0,"comment_status":"closed","ping_status":"closed","template":"","meta":{"footnotes":""},"yoast_head":"<!-- This site is optimized with the Yoast SEO plugin v23.5 - https:\/\/yoast.com\/wordpress\/plugins\/seo\/ -->\n<title>Fassbar - Weingestelle Schneider<\/title>\n<meta name=\"robots\" content=\"index, follow, max-snippet:-1, max-image-preview:large, max-video-preview:-1\" \/>\n<link rel=\"canonical\" href=\"https:\/\/weingestelle.com\/index.php\/fassbar\/\" \/>\n<meta property=\"og:locale\" content=\"de_DE\" \/>\n<meta property=\"og:type\" content=\"article\" \/>\n<meta property=\"og:title\" content=\"Fassbar - Weingestelle Schneider\" \/>\n<meta property=\"og:description\" content=\"[vc_row][vc_column][vc_text_separator title=&#8220;Fassbar auf Schwerlast-Rollen&#8220;][\/vc_column][\/vc_row][vc_row][vc_column width=&#8220;1\/2&#8243;][vc_single_image image=&#8220;2406&#8243; img_size=&#8220;full&#8220;][\/vc_column][vc_column width=&#8220;1\/2&#8243;][vc_single_image image=&#8220;2404&#8243; img_size=&#8220;full&#8220;][\/vc_column][\/vc_row][vc_row][vc_column][vc_column_text] Fassbar Wir legen bei diesem Produkt Wert auf gr\u00f6sstm\u00f6gliche\u00a0 Authentizit\u00e4t. Dies bedeutet, dass ein Fass dieser Art zuvor jahrelang in den \u201eWarehouses\u201c der unterschiedlichen Destillen gelegen hat und bewegt wurde. Kerben im Holz oder unter Umst\u00e4nden ein unebener Boden sind keine Qualit\u00e4tsm\u00e4ngel sondern vielmehr durch&hellip;\" \/>\n<meta property=\"og:url\" content=\"https:\/\/weingestelle.com\/index.php\/fassbar\/\" \/>\n<meta property=\"og:site_name\" content=\"Weingestelle Schneider\" \/>\n<meta property=\"article:modified_time\" content=\"2020-07-09T05:20:51+00:00\" \/>\n<meta name=\"twitter:card\" content=\"summary_large_image\" \/>\n<meta name=\"twitter:label1\" content=\"Gesch\u00e4tzte Lesezeit\" \/>\n\t<meta name=\"twitter:data1\" content=\"2\u00a0Minuten\" \/>\n<script type=\"application\/ld+json\" class=\"yoast-schema-graph\">{\"@context\":\"https:\/\/schema.org\",\"@graph\":[{\"@type\":\"WebPage\",\"@id\":\"https:\/\/weingestelle.com\/index.php\/fassbar\/\",\"url\":\"https:\/\/weingestelle.com\/index.php\/fassbar\/\",\"name\":\"Fassbar - Weingestelle Schneider\",\"isPartOf\":{\"@id\":\"https:\/\/weingestelle.com\/#website\"},\"datePublished\":\"2020-06-22T13:38:18+00:00\",\"dateModified\":\"2020-07-09T05:20:51+00:00\",\"breadcrumb\":{\"@id\":\"https:\/\/weingestelle.com\/index.php\/fassbar\/#breadcrumb\"},\"inLanguage\":\"de\",\"potentialAction\":[{\"@type\":\"ReadAction\",\"target\":[\"https:\/\/weingestelle.com\/index.php\/fassbar\/\"]}]},{\"@type\":\"BreadcrumbList\",\"@id\":\"https:\/\/weingestelle.com\/index.php\/fassbar\/#breadcrumb\",\"itemListElement\":[{\"@type\":\"ListItem\",\"position\":1,\"name\":\"Home\",\"item\":\"https:\/\/weingestelle.com\/\"},{\"@type\":\"ListItem\",\"position\":2,\"name\":\"Fassbar\"}]},{\"@type\":\"WebSite\",\"@id\":\"https:\/\/weingestelle.com\/#website\",\"url\":\"https:\/\/weingestelle.com\/\",\"name\":\"Weingestelle Schneider\",\"description\":\"Hochwertige Weingestelle f\u00fcr Ihren Wein\",\"publisher\":{\"@id\":\"https:\/\/weingestelle.com\/#organization\"},\"potentialAction\":[{\"@type\":\"SearchAction\",\"target\":{\"@type\":\"EntryPoint\",\"urlTemplate\":\"https:\/\/weingestelle.com\/?s={search_term_string}\"},\"query-input\":{\"@type\":\"PropertyValueSpecification\",\"valueRequired\":true,\"valueName\":\"search_term_string\"}}],\"inLanguage\":\"de\"},{\"@type\":\"Organization\",\"@id\":\"https:\/\/weingestelle.com\/#organization\",\"name\":\"Weingestelle Schneider\",\"url\":\"https:\/\/weingestelle.com\/\",\"logo\":{\"@type\":\"ImageObject\",\"inLanguage\":\"de\",\"@id\":\"https:\/\/weingestelle.com\/#\/schema\/logo\/image\/\",\"url\":\"https:\/\/weingestelle.com\/wp-content\/uploads\/2020\/06\/logo_weingestelle-schneider.png\",\"contentUrl\":\"https:\/\/weingestelle.com\/wp-content\/uploads\/2020\/06\/logo_weingestelle-schneider.png\",\"width\":195,\"height\":140,\"caption\":\"Weingestelle Schneider\"},\"image\":{\"@id\":\"https:\/\/weingestelle.com\/#\/schema\/logo\/image\/\"}}]}<\/script>\n<!-- \/ Yoast SEO plugin. -->","yoast_head_json":{"title":"Fassbar - Weingestelle Schneider","robots":{"index":"index","follow":"follow","max-snippet":"max-snippet:-1","max-image-preview":"max-image-preview:large","max-video-preview":"max-video-preview:-1"},"canonical":"https:\/\/weingestelle.com\/index.php\/fassbar\/","og_locale":"de_DE","og_type":"article","og_title":"Fassbar - Weingestelle Schneider","og_description":"[vc_row][vc_column][vc_text_separator title=&#8220;Fassbar auf Schwerlast-Rollen&#8220;][\/vc_column][\/vc_row][vc_row][vc_column width=&#8220;1\/2&#8243;][vc_single_image image=&#8220;2406&#8243; img_size=&#8220;full&#8220;][\/vc_column][vc_column width=&#8220;1\/2&#8243;][vc_single_image image=&#8220;2404&#8243; img_size=&#8220;full&#8220;][\/vc_column][\/vc_row][vc_row][vc_column][vc_column_text] Fassbar Wir legen bei diesem Produkt Wert auf gr\u00f6sstm\u00f6gliche\u00a0 Authentizit\u00e4t. Dies bedeutet, dass ein Fass dieser Art zuvor jahrelang in den \u201eWarehouses\u201c der unterschiedlichen Destillen gelegen hat und bewegt wurde. Kerben im Holz oder unter Umst\u00e4nden ein unebener Boden sind keine Qualit\u00e4tsm\u00e4ngel sondern vielmehr durch&hellip;","og_url":"https:\/\/weingestelle.com\/index.php\/fassbar\/","og_site_name":"Weingestelle Schneider","article_modified_time":"2020-07-09T05:20:51+00:00","twitter_card":"summary_large_image","twitter_misc":{"Gesch\u00e4tzte Lesezeit":"2\u00a0Minuten"},"schema":{"@context":"https:\/\/schema.org","@graph":[{"@type":"WebPage","@id":"https:\/\/weingestelle.com\/index.php\/fassbar\/","url":"https:\/\/weingestelle.com\/index.php\/fassbar\/","name":"Fassbar - Weingestelle Schneider","isPartOf":{"@id":"https:\/\/weingestelle.com\/#website"},"datePublished":"2020-06-22T13:38:18+00:00","dateModified":"2020-07-09T05:20:51+00:00","breadcrumb":{"@id":"https:\/\/weingestelle.com\/index.php\/fassbar\/#breadcrumb"},"inLanguage":"de","potentialAction":[{"@type":"ReadAction","target":["https:\/\/weingestelle.com\/index.php\/fassbar\/"]}]},{"@type":"BreadcrumbList","@id":"https:\/\/weingestelle.com\/index.php\/fassbar\/#breadcrumb","itemListElement":[{"@type":"ListItem","position":1,"name":"Home","item":"https:\/\/weingestelle.com\/"},{"@type":"ListItem","position":2,"name":"Fassbar"}]},{"@type":"WebSite","@id":"https:\/\/weingestelle.com\/#website","url":"https:\/\/weingestelle.com\/","name":"Weingestelle Schneider","description":"Hochwertige Weingestelle f\u00fcr Ihren Wein","publisher":{"@id":"https:\/\/weingestelle.com\/#organization"},"potentialAction":[{"@type":"SearchAction","target":{"@type":"EntryPoint","urlTemplate":"https:\/\/weingestelle.com\/?s={search_term_string}"},"query-input":{"@type":"PropertyValueSpecification","valueRequired":true,"valueName":"search_term_string"}}],"inLanguage":"de"},{"@type":"Organization","@id":"https:\/\/weingestelle.com\/#organization","name":"Weingestelle Schneider","url":"https:\/\/weingestelle.com\/","logo":{"@type":"ImageObject","inLanguage":"de","@id":"https:\/\/weingestelle.com\/#\/schema\/logo\/image\/","url":"https:\/\/weingestelle.com\/wp-content\/uploads\/2020\/06\/logo_weingestelle-schneider.png","contentUrl":"https:\/\/weingestelle.com\/wp-content\/uploads\/2020\/06\/logo_weingestelle-schneider.png","width":195,"height":140,"caption":"Weingestelle Schneider"},"image":{"@id":"https:\/\/weingestelle.com\/#\/schema\/logo\/image\/"}}]}},"_links":{"self":[{"href":"https:\/\/weingestelle.com\/index.php\/wp-json\/wp\/v2\/pages\/2400"}],"collection":[{"href":"https:\/\/weingestelle.com\/index.php\/wp-json\/wp\/v2\/pages"}],"about":[{"href":"https:\/\/weingestelle.com\/index.php\/wp-json\/wp\/v2\/types\/page"}],"author":[{"embeddable":true,"href":"https:\/\/weingestelle.com\/index.php\/wp-json\/wp\/v2\/users\/1"}],"replies":[{"embeddable":true,"href":"https:\/\/weingestelle.com\/index.php\/wp-json\/wp\/v2\/comments?post=2400"}],"version-history":[{"count":11,"href":"https:\/\/weingestelle.com\/index.php\/wp-json\/wp\/v2\/pages\/2400\/revisions"}],"predecessor-version":[{"id":2571,"href":"https:\/\/weingestelle.com\/index.php\/wp-json\/wp\/v2\/pages\/2400\/revisions\/2571"}],"wp:attachment":[{"href":"https:\/\/weingestelle.com\/index.php\/wp-json\/wp\/v2\/media?parent=2400"}],"curies":[{"name":"wp","href":"https:\/\/api.w.org\/{rel}","templated":true}]}}